{"id":13392,"date":"2024-01-29T16:31:49","date_gmt":"2024-01-29T15:31:49","guid":{"rendered":"https:\/\/czarnohucka3.pl\/?page_id=13392"},"modified":"2024-01-31T13:36:20","modified_gmt":"2024-01-31T12:36:20","slug":"czarnohucka3-pl","status":"publish","type":"page","link":"https:\/\/czarnohucka3.pl\/","title":{"rendered":"Czarnohucka3.pl z opisem SEO"},"content":{"rendered":"<div class=\"wpb-content-wrapper\"><p>[vc_section full_width=&#8221;stretch_row&#8221; pix_over_visibility=&#8221;&#8221; css=&#8221;.vc_custom_1698685854882{padding-top: 30px !important;padding-bottom: 50px !important;background-color: #212529 !important;}&#8221;][vc_row content_placement=&#8221;middle&#8221; pix_particles_check=&#8221;&#8221;][vc_column width=&#8221;2\/3&#8243;][vc_single_image image=&#8221;13367&#8243; img_size=&#8221;full&#8221;]<div class=\"pix-el-text w-100   vc_custom_1698685550109\" ><p class=\"text-24  text-light-opacity-5  \" ><span class=\"text-light-opacity-5 animate-in d-inline-block\" data-anim-delay=\"600\" data-anim-type=\"fade-in-up\">Biura i magazyny do wynaj\u0119cia<\/span><\/p><\/div><div id=\"pix-slider-1631726\" class=\"pix-main-slider pix-fix-x  pix-style-standard pix-effect-standard  pix-overflow-y-visible pix-slider-1 pix-slider-dots light-dots \" data-flickity='{\"autoPlay\":3000,\"freeScroll\":false,\"prevNextButtons\":true,\"wrapAround\":true,\"pageDots\":true,\"adaptiveHeight\":true,\"rightToLeft\":false,\"cellAlign\":\"center\",\"contain\":true,\"slider_effect\":\"pix-effect-standard\",\"pix_id\":\"#pix-slider-1631726\"}'><div class=\"carousel-cell\"><div class=\"slide-inner pix-p-10\"><div class=\"pix-slider-effects\"><div class=\" text-left w-100 d-inline-block rounded-lg\"  ><img decoding=\"async\" class=\"card-img rounded-lg h-100\" src=\"https:\/\/czarnohucka3.pl\/wp-content\/uploads\/2023\/11\/DSC1198-2-scaled.jpg\" alt=\"\" style=\"\"\/><\/div><\/div><\/div><\/div><div class=\"carousel-cell\"><div class=\"slide-inner pix-p-10\"><div class=\"pix-slider-effects\"><div class=\" text-left w-100 d-inline-block rounded-lg\"  ><img decoding=\"async\" class=\"card-img rounded-lg h-100\" src=\"https:\/\/czarnohucka3.pl\/wp-content\/uploads\/2023\/11\/IMG_0687-2-scaled.jpg\" alt=\"\" style=\"\"\/><\/div><\/div><\/div><\/div><div class=\"carousel-cell\"><div class=\"slide-inner pix-p-10\"><div class=\"pix-slider-effects\"><div class=\" text-left w-100 d-inline-block rounded-lg\"  ><img decoding=\"async\" class=\"card-img rounded-lg h-100\" src=\"https:\/\/czarnohucka3.pl\/wp-content\/uploads\/2023\/10\/4.jpg\" alt=\"\" style=\"\"\/><\/div><\/div><\/div><\/div><div class=\"carousel-cell\"><div class=\"slide-inner pix-p-10\"><div class=\"pix-slider-effects\"><div class=\" text-left w-100 d-inline-block rounded-lg\"  ><img decoding=\"async\" class=\"card-img rounded-lg h-100\" src=\"https:\/\/czarnohucka3.pl\/wp-content\/uploads\/2023\/10\/3.jpg\" alt=\"\" style=\"\"\/><\/div><\/div><\/div><\/div><div class=\"carousel-cell\"><div class=\"slide-inner pix-p-10\"><div class=\"pix-slider-effects\"><div class=\" text-left w-100 d-inline-block rounded-lg\"  ><img decoding=\"async\" class=\"card-img rounded-lg h-100\" src=\"https:\/\/czarnohucka3.pl\/wp-content\/uploads\/2023\/12\/ostatnie-pietro-korytarz.jpg\" alt=\"\" style=\"\"\/><\/div><\/div><\/div><\/div><div class=\"carousel-cell\"><div class=\"slide-inner pix-p-10\"><div class=\"pix-slider-effects\"><div class=\" text-left w-100 d-inline-block rounded-lg\"  ><img decoding=\"async\" class=\"card-img rounded-lg h-100\" src=\"https:\/\/czarnohucka3.pl\/wp-content\/uploads\/2023\/12\/parter-kacik.jpg\" alt=\"\" style=\"\"\/><\/div><\/div><\/div><\/div><\/div><div class=\"pix-el-text w-100 text-left  vc_custom_1702052891976\" ><p class=\"text-18  text-light-opacity-5 text-left \" ><span class=\"text-light-opacity-5 animate-in d-inline-block\" data-anim-delay=\"600\" data-anim-type=\"fade-in-up\">Biurowiec zlokalizowany przy ulicy Czarnohucka 3 w Tarnowskich G\u00f3rach oferuje na wynajem nowoczesne przestrzenie biurowe i magazynowe w sercu Tarnowskich G\u00f3r.<\/span><\/p><\/div><a  href=\"mailto: biuro@czarnohucka3.pl\" class=\"btn mb-2     shadow btn-red d-inline-block      btn-lg\"     ><i class=\"font-weight-bold pixicon-email-1   mr-1\"><\/i> <span class=\"font-weight-bold \" >Napisz do nas - biuro@czarnohucka3.pl<\/span><\/a>[\/vc_column][vc_column width=&#8221;1\/3&#8243;]<div class=\"pix-content-box card      vc_custom_1592136281935    rounded-xl shadow-sm shadow-hover-sm fly-sm animate-in bg- w-100  \"  data-anim-type=\"fade-in-up\" data-anim-delay=\"200\"><div class=\"\" style=\"z-index:30;position:relative;\"><div id=\"1698674531673-08470624-68b5\" class=\"pix-feature-el text-left \"><div class=\"d-inline-block mw-100 text-white animate-in\" data-anim-type=\"fade-in-up\" data-anim-delay=\"400\" style=\"width:86.4px;aspect-ratio:1\/1 !important;position:relative;line-height:86.4px;text-align:center;\"><span style=\"display:inline-block;font-size:48px;line-height:48px;\"><svg width=\"100%\" height=\"100%\" viewBox=\"0 0 24 24\" version=\"1.1\" xmlns=\"http:\/\/www.w3.org\/2000\/svg\" xmlns:xlink=\"http:\/\/www.w3.org\/1999\/xlink\"> <defs><\/defs> <g stroke=\"none\" stroke-width=\"1\" fill=\"none\" fill-rule=\"evenodd\"> <path d=\"M20,8 L18.173913,8 C17.0693435,8 16.173913,8.8954305 16.173913,10 L16.173913,12 C16.173913,12.5522847 15.7261978,13 15.173913,13 L8.86956522,13 C8.31728047,13 7.86956522,12.5522847 7.86956522,12 L7.86956522,10 C7.86956522,8.8954305 6.97413472,8 5.86956522,8 L4,8 L4,6 C4,4.34314575 5.34314575,3 7,3 L17,3 C18.6568542,3 20,4.34314575 20,6 L20,8 Z\" fill=\"#000000\" opacity=\"0.3\"><\/path> <path d=\"M6.15999985,21.0604779 L8.15999985,17.5963763 C8.43614222,17.1180837 9.04773263,16.9542085 9.52602525,17.2303509 C10.0043179,17.5064933 10.168193,18.1180837 9.89205065,18.5963763 L7.89205065,22.0604779 C7.61590828,22.5387706 7.00431787,22.7026457 6.52602525,22.4265033 C6.04773263,22.150361 5.88385747,21.5387706 6.15999985,21.0604779 Z M17.8320512,21.0301278 C18.1081936,21.5084204 17.9443184,22.1200108 17.4660258,22.3961532 C16.9877332,22.6722956 16.3761428,22.5084204 16.1000004,22.0301278 L14.1000004,18.5660262 C13.823858,18.0877335 13.9877332,17.4761431 14.4660258,17.2000008 C14.9443184,16.9238584 15.5559088,17.0877335 15.8320512,17.5660262 L17.8320512,21.0301278 Z\" fill=\"#000000\" opacity=\"0.3\"><\/path> <path d=\"M20,10 L20,15 C20,16.6568542 18.6568542,18 17,18 L7,18 C5.34314575,18 4,16.6568542 4,15 L4,10 L5.86956522,10 L5.86956522,12 C5.86956522,13.6568542 7.21271097,15 8.86956522,15 L15.173913,15 C16.8307673,15 18.173913,13.6568542 18.173913,12 L18.173913,10 L20,10 Z\" fill=\"#000000\"><\/path> <\/g> <\/svg><\/span><\/div><h4 class=\"font-weight-bold  secondary-font text-white animate-in\" style=\"padding-top:20px;\" data-anim-type=\"fade-in-up\" data-anim-delay=\"500\">Przestrzenie biurowe<\/h4><div class=\"text-light-opacity-5      animate-in\" style=\"padding-top:10px;\" data-anim-type=\"fade-in-up\" data-anim-delay=\"600\">Przestrzenie biurowe w nowoczesnym designie. Du\u017cy parking przy samym biurowcu. Dedykowane w\u0142asne miejsce parkingowe.<\/div><\/div><\/div><\/div><div class=\"pix-content-box card      vc_custom_1592136281935    rounded-xl shadow-sm shadow-hover-sm fly-sm animate-in bg- w-100  \"  data-anim-type=\"fade-in-up\" data-anim-delay=\"200\"><div class=\"\" style=\"z-index:30;position:relative;\"><div id=\"1698674531712-379cd277-2347\" class=\"pix-feature-el text-left \"><div class=\"d-inline-block mw-100 text-white animate-in\" data-anim-type=\"fade-in-up\" data-anim-delay=\"400\" style=\"width:86.4px;aspect-ratio:1\/1 !important;position:relative;line-height:86.4px;text-align:center;\"><span style=\"display:inline-block;font-size:48px;line-height:48px;\"><svg width=\"100%\" height=\"100%\" viewBox=\"0 0 24 24\" version=\"1.1\" xmlns=\"http:\/\/www.w3.org\/2000\/svg\" xmlns:xlink=\"http:\/\/www.w3.org\/1999\/xlink\"> <defs><\/defs> <g stroke=\"none\" stroke-width=\"1\" fill=\"none\" fill-rule=\"evenodd\"> <path d=\"M20.4061385,6.73606154 C20.7672665,6.89656288 21,7.25468437 21,7.64987309 L21,16.4115967 C21,16.7747638 20.8031081,17.1093844 20.4856429,17.2857539 L12.4856429,21.7301984 C12.1836204,21.8979887 11.8163796,21.8979887 11.5143571,21.7301984 L3.51435707,17.2857539 C3.19689188,17.1093844 3,16.7747638 3,16.4115967 L3,7.64987309 C3,7.25468437 3.23273352,6.89656288 3.59386153,6.73606154 L11.5938615,3.18050598 C11.8524269,3.06558805 12.1475731,3.06558805 12.4061385,3.18050598 L20.4061385,6.73606154 Z\" fill=\"#000000\" opacity=\"0.3\"><\/path> <polygon fill=\"#000000\" points=\"14.9671522 4.22441676 7.5999999 8.31727912 7.5999999 12.9056825 9.5999999 13.9056825 9.5999999 9.49408582 17.25507 5.24126912\"><\/polygon> <\/g> <\/svg><\/span><\/div><h4 class=\"font-weight-bold  secondary-font text-white animate-in\" style=\"padding-top:20px;\" data-anim-type=\"fade-in-up\" data-anim-delay=\"500\">Przestrzenie magazynowe<\/h4><div class=\"text-light-opacity-5      animate-in\" style=\"padding-top:10px;\" data-anim-type=\"fade-in-up\" data-anim-delay=\"600\">Mo\u017cliwo\u015b\u0107 wynaj\u0119cia przestrzeni magazynowych, kontener\u00f3w, gara\u017cy. Us\u0142ugi za\u0142adunku i roz\u0142adunku. Parking dla TIR\u00f3w.<\/div><\/div><\/div><\/div>[\/vc_column][\/vc_row][vc_row pix_particles_check=&#8221;&#8221;][vc_column][\/vc_column][\/vc_row][\/vc_section][vc_section full_width=&#8221;stretch_row&#8221; pix_over_visibility=&#8221;&#8221; responsive_css=&#8221;{&#8222;pix_res_sm_pb&#8222;:&#8222;20&#8222;,&#8222;pix_res_md_pb&#8222;:&#8222;30&#8222;}&#8221; css=&#8221;.vc_custom_1648508674393{margin-top: 0px !important;padding-top: 0px !important;padding-bottom: 40px !important;}&#8221;][vc_row pix_particles_check=&#8221;&#8221;][vc_column][\/vc_column][\/vc_row][vc_row pix_particles_check=&#8221;&#8221; css=&#8221;.vc_custom_1706704080796{padding-top: 45px !important;}&#8221;][vc_column]<div class=\"pix-fancy-mockup\"><div class=\"pix-fancy-content\"><img decoding=\"async\" class=\"\" src=\"https:\/\/czarnohucka3.pl\/wp-content\/uploads\/2024\/01\/Przechwytywanie-zawartosci-sieci-Web_29-1-2024_163938_czarnohucka3.pl_-1.jpg\" alt=\"\"><\/div>\n                    <img loading=\"lazy\" decoding=\"async\" class=\"pix-fancy-device-img\" width=\"1752\" height=\"978\" src=\"https:\/\/czarnohucka3.pl\/wp-content\/plugins\/pixfort-core\/functions\/images\/ipad.png\" alt=\"\"><\/div>[\/vc_column][\/vc_row][vc_row equal_height=&#8221;yes&#8221; content_placement=&#8221;middle&#8221; pix_particles_check=&#8221;&#8221;][vc_column css=&#8221;.vc_custom_1644532258078{padding-top: 30px !important;padding-bottom: 30px !important;}&#8221; offset=&#8221;vc_col-lg-offset-2 vc_col-lg-8 vc_col-md-offset-1 vc_col-md-10&#8243;]<div  class=\"pix-heading-el text-left  vc_custom_1706542375236\"><div><div class=\"slide-in-container2\"><h4 class=\"text-heading-default font-weight-bold animate-in heading-text el-title_custom_color mb-12\" style=\"\" data-anim-type=\"fade-in-up\" data-anim-delay=\"200\">Nowoczesny biurowiec Czarnohucka 3<\/h4><\/div><\/div><\/div>[vc_column_text css=&#8221;.vc_custom_1706628982787{padding-top: 20px !important;}&#8221;]Zapraszamy do <strong>nowoczesnego biurowca Czarnohucka 3<\/strong>, kt\u00f3ry znajduje si\u0119 praktycznie w centrum miasta Tarnowskie G\u00f3ry. Nasz budynek oferuje na wynajem <strong>przestronne i jasne pomieszczenia biurowe<\/strong>, kt\u00f3re s\u0105 idealne dla firm z r\u00f3\u017cnych bran\u017c.<\/p>\n<p>Do ka\u017cdego biura przypisane s\u0105 <strong>dedykowane miejsca parkingowe dla samochod\u00f3w osobowych<\/strong>, dodatkowo posiadamy mo\u017cliwo\u015b\u0107 <strong>parkingu dla samochod\u00f3w ci\u0119\u017carowych<\/strong>.<\/p>\n<p>Nasza lokalizacja jest idealna dla firm, kt\u00f3re chc\u0105 mie\u0107<strong> \u0142atwy dost\u0119p do r\u00f3\u017cnych us\u0142ug i udogodnie\u0144<\/strong>. W mniej ni\u017c 5 minut dojad\u0105 Pa\u0144stwo do centrum miasta, gdzie znajduj\u0105 si\u0119 liczne restauracje, kawiarnie, sklepy i hala targowa. Biurowiec Czarnohucka 3 jest <strong>bardzo dobrze skomunikowany<\/strong> z innymi cz\u0119\u015bciami miasta, dzi\u0119ki czemu nasi najemcy i ich pracownicy mog\u0105 \u0142atwo dotrze\u0107 do pracy. Przy biurowcu znajduje si\u0119 przystanek komunikacji miejskiej, a doj\u015bcie pieszo do Dworca PKP w Tarnowskich G\u00f3rach zajmuje tylko 10 minut.<\/p>\n<p>Jako jedni z nielicznych na lokalnym rynku poza biurami na wynajem oferujemy r\u00f3wnie\u017c <strong>szeroki wyb\u00f3r powierzchni magazynowych<\/strong> i us\u0142ug z tym zwi\u0105zanych, takich jak <strong>mo\u017cliwo\u015b\u0107 roz\u0142adunku i za\u0142adunku towar\u00f3w w\u00f3zkiem wid\u0142owym<\/strong>. Posiadamy r\u00f3wnie\u017c mo\u017cliwo\u015b\u0107 <strong>wynajmu kontener\u00f3w<\/strong> \u2013 w tym <strong>kontener\u00f3w ch\u0142odniczych<\/strong> oraz <strong>wynajmu gara\u017cy<\/strong>. Wszystko to znajduje w jednym miejscu przy ulicy Czarnohuckiej 3 w Tarnowskich G\u00f3rach.<\/p>\n<p>Oferujemy konkurencyjne ceny i elastyczne warunki najmu powierzchni biurowych, kt\u00f3re s\u0105 dostosowane do potrzeb naszych klient\u00f3w. Zapraszamy do kontaktu z nami, aby dowiedzie\u0107 si\u0119 wi\u0119cej o naszej ofercie.[\/vc_column_text][\/vc_column][\/vc_row][\/vc_section][vc_section full_width=&#8221;stretch_row_content&#8221; content_placement=&#8221;top&#8221; pix_over_visibility=&#8221;&#8221; responsive_css=&#8221;{&#8222;pix_res_sm_pt&#8222;:&#8222;60&#8222;,&#8222;pix_res_md_pt&#8222;:&#8222;60&#8222;}&#8221; css=&#8221;.vc_custom_1706543951521{padding-top: 15px !important;}&#8221;][vc_row pix_particles_check=&#8221;&#8221;][vc_column]<div  class=\"pix-heading-el text-center  vc_custom_1706544088985\"><div><div class=\"slide-in-container2\"><h4 class=\"text-black font-weight-bold heading-text el-title_custom_color mb-12\" style=\"\" data-anim-type=\"\" data-anim-delay=\"0\">Lokalizacja<\/h4><\/div><\/div><\/div>[\/vc_column][\/vc_row][vc_row full_width=&#8221;stretch_row_content_no_spaces&#8221; pix_particles_check=&#8221;&#8221;][vc_column][vc_gmaps link=&#8221;#E-8_JTNDaWZyYW1lJTIwc3JjJTNEJTIyaHR0cHMlM0ElMkYlMkZ3d3cuZ29vZ2xlLmNvbSUyRm1hcHMlMkZlbWJlZCUzRnBiJTNEJTIxMW0xOCUyMTFtMTIlMjExbTMlMjExZDcxODUuMjc0NDIzMjQ4ODQ4JTIxMmQxOC44NjIxNzAzMDQxMTU1NjIlMjEzZDUwLjQ1MjY4Mjg4NDU5ODclMjEybTMlMjExZjAlMjEyZjAlMjEzZjAlMjEzbTIlMjExaTEwMjQlMjEyaTc2OCUyMTRmMTMuMSUyMTNtMyUyMTFtMiUyMTFzMHg0NzExMmEyMjcxMTE0YzNmJTI1M0EweDFhMTlhZWQxOWQzM2E4MmIlMjEyc0N6YXJub2h1Y2thJTI1MjAzJTI1MkMlMjUyMDQyLTYwMCUyNTIwVGFybm93c2tpZSUyNTIwRyUyNUMzJTI1QjNyeSUyMTVlMCUyMTNtMiUyMTFzcGwlMjEyc3BsJTIxNHYxNjk4NjgyOTI1OTY1JTIxNW0yJTIxMXNwbCUyMTJzcGwlMjIlMjB3aWR0aCUzRCUyMjYwMCUyMiUyMGhlaWdodCUzRCUyMjQ1MCUyMiUyMHN0eWxlJTNEJTIyYm9yZGVyJTNBMCUzQiUyMiUyMGFsbG93ZnVsbHNjcmVlbiUzRCUyMiUyMiUyMGxvYWRpbmclM0QlMjJsYXp5JTIyJTIwcmVmZXJyZXJwb2xpY3klM0QlMjJuby1yZWZlcnJlci13aGVuLWRvd25ncmFkZSUyMiUzRSUzQyUyRmlmcmFtZSUzRQ==&#8221; css=&#8221;.vc_custom_1698682943054{margin-top: 0px !important;margin-bottom: 0px !important;}&#8221;][\/vc_column][\/vc_row][\/vc_section]<\/p>\n<\/div>","protected":false},"excerpt":{"rendered":"[vc_section full_width=&#8221;stretch_row&#8221; pix_over_visibility=&#8221;&#8221; css=&#8221;.vc_custom_1698685854882{padding-top: 30px !important;padding-bottom: 50px !important;background-color: #212529 !important;}&#8221;][vc_row content_placement=&#8221;middle&#8221; pix_particles_check=&#8221;&#8221;][vc_column width=&#8221;2\/3&#8243;][vc_single_image image=&#8221;13367&#8243; img_size=&#8221;full&#8221;][\/vc_column][vc_column width=&#8221;1\/3&#8243;][\/vc_column][\/vc_row][vc_row pix_particles_check=&#8221;&#8221;][vc_column][\/vc_column][\/vc_row][\/vc_section][vc_section full_width=&#8221;stretch_row&#8221; pix_over_visibility=&#8221;&#8221; responsive_css=&#8221;{&#8222;pix_res_sm_pb&#8222;:&#8222;20&#8222;,&#8222;pix_res_md_pb&#8222;:&#8222;30&#8222;}&#8221; css=&#8221;.vc_custom_1648508674393{margin-top: 0px !important;padding-top: 0px !important;padding-bottom: 40px !important;}&#8221;][vc_row pix_particles_check=&#8221;&#8221;][vc_column][\/vc_column][\/vc_row][vc_row pix_particles_check=&#8221;&#8221; css=&#8221;.vc_custom_1706704080796{padding-top: 45px !important;}&#8221;][vc_column][\/vc_column][\/vc_row][vc_row equal_height=&#8221;yes&#8221; content_placement=&#8221;middle&#8221; pix_particles_check=&#8221;&#8221;][vc_column css=&#8221;.vc_custom_1644532258078{padding-top: 30px !important;padding-bottom: 30px !important;}&#8221;&#8230;","protected":false},"author":1,"featured_media":0,"parent":0,"menu_order":0,"comment_status":"closed","ping_status":"closed","template":"","meta":{"footnotes":""},"class_list":["post-13392","page","type-page","status-publish","hentry"],"_links":{"self":[{"href":"https:\/\/czarnohucka3.pl\/index.php\/wp-json\/wp\/v2\/pages\/13392","targetHints":{"allow":["GET"]}}],"collection":[{"href":"https:\/\/czarnohucka3.pl\/index.php\/wp-json\/wp\/v2\/pages"}],"about":[{"href":"https:\/\/czarnohucka3.pl\/index.php\/wp-json\/wp\/v2\/types\/page"}],"author":[{"embeddable":true,"href":"https:\/\/czarnohucka3.pl\/index.php\/wp-json\/wp\/v2\/users\/1"}],"replies":[{"embeddable":true,"href":"https:\/\/czarnohucka3.pl\/index.php\/wp-json\/wp\/v2\/comments?post=13392"}],"version-history":[{"count":12,"href":"https:\/\/czarnohucka3.pl\/index.php\/wp-json\/wp\/v2\/pages\/13392\/revisions"}],"predecessor-version":[{"id":13403,"href":"https:\/\/czarnohucka3.pl\/index.php\/wp-json\/wp\/v2\/pages\/13392\/revisions\/13403"}],"wp:attachment":[{"href":"https:\/\/czarnohucka3.pl\/index.php\/wp-json\/wp\/v2\/media?parent=13392"}],"curies":[{"name":"wp","href":"https:\/\/api.w.org\/{rel}","templated":true}]}}